{"id":298,"date":"2021-11-19T17:07:35","date_gmt":"2021-11-19T16:07:35","guid":{"rendered":"https:\/\/www.hurni-aushub-rueckbau.ch\/angebote\/"},"modified":"2022-12-19T13:01:42","modified_gmt":"2022-12-19T12:01:42","slug":"offre","status":"publish","type":"page","link":"https:\/\/www.hurni-aushub-rueckbau.ch\/fr\/","title":{"rendered":"Excavation et d\u00e9construction"},"content":{"rendered":"\n<div class=\"wp-block-group alignfull has-white-background-color has-background\"><div class=\"wp-block-group__inner-container is-layout-flow wp-block-group-is-layout-flow\">\n<div class=\"wp-block-group\"><div class=\"wp-block-group__inner-container is-layout-flow wp-block-group-is-layout-flow\">\n<h2 class=\"wp-block-heading\">L\u2019excavation et la d\u00e9construction sont des sp\u00e9cialit\u00e9s du Groupe Hurni<\/h2>\n\n\n\n<p class=\"lead\">Haute pr\u00e9cision, soin, beaucoup d\u2019exp\u00e9rience dans le recyclage et une logistique de mat\u00e9riaux de construction et d\u2019\u00e9limination efficace assurent des clients satisfaits.<\/p>\n\n\n\n<div class=\"wp-block-columns tile-columns is-layout-flex wp-container-core-columns-is-layout-9d6595d7 wp-block-columns-is-layout-flex\">\n<div class=\"wp-block-column is-layout-flow wp-block-column-is-layout-flow\" style=\"flex-basis:30%\">\n<figure class=\"wp-block-image size-full\"><a href=\"\/fr\/offre\/l-excavation\/\"><img loading=\"lazy\" decoding=\"async\" width=\"400\" height=\"300\" src=\"\/wp-content\/uploads\/sites\/3\/2021\/11\/Aushub.jpg\" alt=\"\" class=\"wp-image-35\" srcset=\"https:\/\/www.hurni-aushub-rueckbau.ch\/wp-content\/uploads\/sites\/3\/2021\/11\/Aushub.jpg 400w, https:\/\/www.hurni-aushub-rueckbau.ch\/wp-content\/uploads\/sites\/3\/2021\/11\/Aushub-300x225.jpg 300w\" sizes=\"auto, (max-width: 400px) 100vw, 400px\" \/><\/a><\/figure>\n\n\n\n<h3 class=\"wp-block-heading\"><a href=\"\/fr\/offre\/l-excavation\/\" title=\"\">Excavation<\/a><\/h3>\n<\/div>\n\n\n\n<div class=\"wp-block-column is-layout-flow wp-block-column-is-layout-flow\" style=\"flex-basis:30%\">\n<figure class=\"wp-block-image size-full\"><a href=\"\/fr\/offre\/deconstruction\/\"><img loading=\"lazy\" decoding=\"async\" width=\"400\" height=\"300\" src=\"\/wp-content\/uploads\/sites\/3\/2021\/11\/Rueckbau.jpg\" alt=\"\" class=\"wp-image-36\" srcset=\"https:\/\/www.hurni-aushub-rueckbau.ch\/wp-content\/uploads\/sites\/3\/2021\/11\/Rueckbau.jpg 400w, https:\/\/www.hurni-aushub-rueckbau.ch\/wp-content\/uploads\/sites\/3\/2021\/11\/Rueckbau-300x225.jpg 300w\" sizes=\"auto, (max-width: 400px) 100vw, 400px\" \/><\/a><\/figure>\n\n\n\n<h3 class=\"wp-block-heading\"><a href=\"\/fr\/offre\/deconstruction\/\" title=\"\">D\u00e9construction<\/a><\/h3>\n<\/div>\n<\/div>\n<\/div><\/div>\n<\/div><\/div>\n","protected":false},"excerpt":{"rendered":"<p>L\u2019excavation et la d\u00e9construction sont des sp\u00e9cialit\u00e9s du Groupe Hurni Haute pr\u00e9cision, soin, beaucoup d\u2019exp\u00e9rience dans le recyclage et une logistique de mat\u00e9riaux de construction&hellip;<\/p>\n","protected":false},"author":1,"featured_media":299,"parent":0,"menu_order":100,"comment_status":"closed","ping_status":"closed","template":"","meta":{"inline_featured_image":false,"_uag_custom_page_level_css":"","pgc_sgb_lightbox_settings":"","footnotes":""},"class_list":["post-298","page","type-page","status-publish","has-post-thumbnail","hentry"],"aioseo_notices":[],"uagb_featured_image_src":{"full":["https:\/\/www.hurni-aushub-rueckbau.ch\/wp-content\/uploads\/sites\/3\/2021\/12\/header2-scaled.jpg",2560,853,false],"thumbnail":["https:\/\/www.hurni-aushub-rueckbau.ch\/wp-content\/uploads\/sites\/3\/2021\/12\/header2-150x150.jpg",150,150,true],"medium":["https:\/\/www.hurni-aushub-rueckbau.ch\/wp-content\/uploads\/sites\/3\/2021\/12\/header2-300x100.jpg",300,100,true],"medium_large":["https:\/\/www.hurni-aushub-rueckbau.ch\/wp-content\/uploads\/sites\/3\/2021\/12\/header2-768x256.jpg",768,256,true],"large":["https:\/\/www.hurni-aushub-rueckbau.ch\/wp-content\/uploads\/sites\/3\/2021\/12\/header2-1024x341.jpg",843,281,true],"1536x1536":["https:\/\/www.hurni-aushub-rueckbau.ch\/wp-content\/uploads\/sites\/3\/2021\/12\/header2-1536x512.jpg",1536,512,true],"2048x2048":["https:\/\/www.hurni-aushub-rueckbau.ch\/wp-content\/uploads\/sites\/3\/2021\/12\/header2-2048x683.jpg",2048,683,true]},"uagb_author_info":{"display_name":"a.suter","author_link":"https:\/\/www.hurni-aushub-rueckbau.ch\/fr\/author\/a-suter\/"},"uagb_comment_info":0,"uagb_excerpt":"L\u2019excavation et la d\u00e9construction sont des sp\u00e9cialit\u00e9s du Groupe Hurni Haute pr\u00e9cision, soin, beaucoup d\u2019exp\u00e9rience dans le recyclage et une logistique de mat\u00e9riaux de construction&hellip;","_links":{"self":[{"href":"https:\/\/www.hurni-aushub-rueckbau.ch\/fr\/wp-json\/wp\/v2\/pages\/298","targetHints":{"allow":["GET"]}}],"collection":[{"href":"https:\/\/www.hurni-aushub-rueckbau.ch\/fr\/wp-json\/wp\/v2\/pages"}],"about":[{"href":"https:\/\/www.hurni-aushub-rueckbau.ch\/fr\/wp-json\/wp\/v2\/types\/page"}],"author":[{"embeddable":true,"href":"https:\/\/www.hurni-aushub-rueckbau.ch\/fr\/wp-json\/wp\/v2\/users\/1"}],"replies":[{"embeddable":true,"href":"https:\/\/www.hurni-aushub-rueckbau.ch\/fr\/wp-json\/wp\/v2\/comments?post=298"}],"version-history":[{"count":13,"href":"https:\/\/www.hurni-aushub-rueckbau.ch\/fr\/wp-json\/wp\/v2\/pages\/298\/revisions"}],"predecessor-version":[{"id":554,"href":"https:\/\/www.hurni-aushub-rueckbau.ch\/fr\/wp-json\/wp\/v2\/pages\/298\/revisions\/554"}],"wp:featuredmedia":[{"embeddable":true,"href":"https:\/\/www.hurni-aushub-rueckbau.ch\/fr\/wp-json\/wp\/v2\/media\/299"}],"wp:attachment":[{"href":"https:\/\/www.hurni-aushub-rueckbau.ch\/fr\/wp-json\/wp\/v2\/media?parent=298"}],"curies":[{"name":"wp","href":"https:\/\/api.w.org\/{rel}","templated":true}]}}