{"id":403,"date":"2021-11-30T22:41:22","date_gmt":"2021-11-30T21:41:22","guid":{"rendered":"https:\/\/www.hurni-aushub-rueckbau.ch\/?page_id=403"},"modified":"2025-03-13T12:08:04","modified_gmt":"2025-03-13T11:08:04","slug":"deconstruction","status":"publish","type":"page","link":"https:\/\/www.hurni-aushub-rueckbau.ch\/fr\/offre\/deconstruction\/","title":{"rendered":"D\u00e9construction \u2013 Pr\u00e9cision et soin"},"content":{"rendered":"\n<div class=\"wp-block-group alignfull has-white-background-color has-background\"><div class=\"wp-block-group__inner-container is-layout-flow wp-block-group-is-layout-flow\">\n<div class=\"wp-block-group\"><div class=\"wp-block-group__inner-container is-layout-flow wp-block-group-is-layout-flow\">\n<h2 class=\"wp-block-heading\">D\u00e9construction de b\u00e2timents<\/h2>\n\n\n\n<p class=\"lead\">La d\u00e9construction de b\u00e2timents n\u00e9cessite une haute pr\u00e9cision et un grand soin, car le plus de mat\u00e9riaux possibles doivent \u00eatre recycl\u00e9s.<\/p>\n\n\n\n<div class=\"wp-block-media-text alignwide is-stacked-on-mobile is-vertically-aligned-top hurni-media-text\" style=\"grid-template-columns:35% auto\"><figure class=\"wp-block-media-text__media\"><img loading=\"lazy\" decoding=\"async\" width=\"400\" height=\"300\" src=\"https:\/\/www.hurni-aushub-rueckbau.ch\/wp-content\/uploads\/sites\/3\/2025\/03\/Aushub_Rueckbau_Pionierarbeit_neu.jpg\" alt=\"\" class=\"wp-image-784 size-full\" srcset=\"https:\/\/www.hurni-aushub-rueckbau.ch\/wp-content\/uploads\/sites\/3\/2025\/03\/Aushub_Rueckbau_Pionierarbeit_neu.jpg 400w, https:\/\/www.hurni-aushub-rueckbau.ch\/wp-content\/uploads\/sites\/3\/2025\/03\/Aushub_Rueckbau_Pionierarbeit_neu-300x225.jpg 300w\" sizes=\"auto, (max-width: 400px) 100vw, 400px\" \/><\/figure><div class=\"wp-block-media-text__content\">\n<h3 class=\"wp-block-heading\">Travail de pionnier<\/h3>\n\n\n\n<p>Le Groupe Hurni est consid\u00e9r\u00e9 comme pionnier dans ce domaine et compte aujourd\u2019hui parmi l\u2019une des principales entreprises de recyclage de Suisse.<\/p>\n<\/div><\/div>\n\n\n\n<div class=\"wp-block-media-text alignwide is-stacked-on-mobile is-vertically-aligned-top hurni-media-text\" style=\"grid-template-columns:35% auto\"><figure class=\"wp-block-media-text__media\"><img loading=\"lazy\" decoding=\"async\" width=\"400\" height=\"300\" src=\"\/wp-content\/uploads\/sites\/3\/2021\/11\/Rueckbau2.jpg\" alt=\"\" class=\"wp-image-44 size-full\" srcset=\"https:\/\/www.hurni-aushub-rueckbau.ch\/wp-content\/uploads\/sites\/3\/2021\/11\/Rueckbau2.jpg 400w, https:\/\/www.hurni-aushub-rueckbau.ch\/wp-content\/uploads\/sites\/3\/2021\/11\/Rueckbau2-300x225.jpg 300w\" sizes=\"auto, (max-width: 400px) 100vw, 400px\" \/><\/figure><div class=\"wp-block-media-text__content\">\n<h3 class=\"wp-block-heading\">Cycle des mat\u00e9riaux de construction<\/h3>\n\n\n\n<p>La d\u00e9construction soign\u00e9e de b\u00e2timents avec un taux de recyclage \u00e9lev\u00e9 ferme le cycle des mat\u00e9riaux de construction et pr\u00e9serve les ressources naturelles.<\/p>\n<\/div><\/div>\n\n\n\n<div class=\"wp-block-media-text alignwide is-stacked-on-mobile is-vertically-aligned-top hurni-media-text\" style=\"grid-template-columns:35% auto\"><figure class=\"wp-block-media-text__media\"><img loading=\"lazy\" decoding=\"async\" width=\"400\" height=\"300\" src=\"\/wp-content\/uploads\/sites\/3\/2022\/12\/Rueckbau_Logistik.jpg\" alt=\"\" class=\"wp-image-389 size-full\" srcset=\"https:\/\/www.hurni-aushub-rueckbau.ch\/wp-content\/uploads\/sites\/3\/2022\/12\/Rueckbau_Logistik.jpg 400w, https:\/\/www.hurni-aushub-rueckbau.ch\/wp-content\/uploads\/sites\/3\/2022\/12\/Rueckbau_Logistik-300x225.jpg 300w\" sizes=\"auto, (max-width: 400px) 100vw, 400px\" \/><\/figure><div class=\"wp-block-media-text__content\">\n<h3 class=\"wp-block-heading\">Logistique<\/h3>\n\n\n\n<p>La logistique de mat\u00e9riaux de construction et d\u2019\u00e9limination bien d\u00e9velopp\u00e9e et efficace garantit un d\u00e9roulement efficace, durable et conforme \u00e0 la loi des mandats.<\/p>\n<\/div><\/div>\n<\/div><\/div>\n<\/div><\/div>\n","protected":false},"excerpt":{"rendered":"<p>D\u00e9construction de b\u00e2timents La d\u00e9construction de b\u00e2timents n\u00e9cessite une haute pr\u00e9cision et un grand soin, car le plus de mat\u00e9riaux possibles doivent \u00eatre recycl\u00e9s. Travail&hellip;<\/p>\n","protected":false},"author":2,"featured_media":289,"parent":298,"menu_order":120,"comment_status":"closed","ping_status":"closed","template":"","meta":{"inline_featured_image":false,"_uag_custom_page_level_css":"","pgc_sgb_lightbox_settings":"","footnotes":""},"class_list":["post-403","page","type-page","status-publish","has-post-thumbnail","hentry"],"aioseo_notices":[],"uagb_featured_image_src":{"full":["https:\/\/www.hurni-aushub-rueckbau.ch\/wp-content\/uploads\/sites\/3\/2021\/11\/Header_Aushub.jpg",1500,500,false],"thumbnail":["https:\/\/www.hurni-aushub-rueckbau.ch\/wp-content\/uploads\/sites\/3\/2021\/11\/Header_Aushub-150x150.jpg",150,150,true],"medium":["https:\/\/www.hurni-aushub-rueckbau.ch\/wp-content\/uploads\/sites\/3\/2021\/11\/Header_Aushub-300x100.jpg",300,100,true],"medium_large":["https:\/\/www.hurni-aushub-rueckbau.ch\/wp-content\/uploads\/sites\/3\/2021\/11\/Header_Aushub-768x256.jpg",768,256,true],"large":["https:\/\/www.hurni-aushub-rueckbau.ch\/wp-content\/uploads\/sites\/3\/2021\/11\/Header_Aushub-1024x341.jpg",843,281,true],"1536x1536":["https:\/\/www.hurni-aushub-rueckbau.ch\/wp-content\/uploads\/sites\/3\/2021\/11\/Header_Aushub.jpg",1500,500,false],"2048x2048":["https:\/\/www.hurni-aushub-rueckbau.ch\/wp-content\/uploads\/sites\/3\/2021\/11\/Header_Aushub.jpg",1500,500,false]},"uagb_author_info":{"display_name":"gffh","author_link":"https:\/\/www.hurni-aushub-rueckbau.ch\/fr\/author\/gffh\/"},"uagb_comment_info":0,"uagb_excerpt":"D\u00e9construction de b\u00e2timents La d\u00e9construction de b\u00e2timents n\u00e9cessite une haute pr\u00e9cision et un grand soin, car le plus de mat\u00e9riaux possibles doivent \u00eatre recycl\u00e9s. Travail&hellip;","_links":{"self":[{"href":"https:\/\/www.hurni-aushub-rueckbau.ch\/fr\/wp-json\/wp\/v2\/pages\/403","targetHints":{"allow":["GET"]}}],"collection":[{"href":"https:\/\/www.hurni-aushub-rueckbau.ch\/fr\/wp-json\/wp\/v2\/pages"}],"about":[{"href":"https:\/\/www.hurni-aushub-rueckbau.ch\/fr\/wp-json\/wp\/v2\/types\/page"}],"author":[{"embeddable":true,"href":"https:\/\/www.hurni-aushub-rueckbau.ch\/fr\/wp-json\/wp\/v2\/users\/2"}],"replies":[{"embeddable":true,"href":"https:\/\/www.hurni-aushub-rueckbau.ch\/fr\/wp-json\/wp\/v2\/comments?post=403"}],"version-history":[{"count":4,"href":"https:\/\/www.hurni-aushub-rueckbau.ch\/fr\/wp-json\/wp\/v2\/pages\/403\/revisions"}],"predecessor-version":[{"id":786,"href":"https:\/\/www.hurni-aushub-rueckbau.ch\/fr\/wp-json\/wp\/v2\/pages\/403\/revisions\/786"}],"up":[{"embeddable":true,"href":"https:\/\/www.hurni-aushub-rueckbau.ch\/fr\/wp-json\/wp\/v2\/pages\/298"}],"wp:featuredmedia":[{"embeddable":true,"href":"https:\/\/www.hurni-aushub-rueckbau.ch\/fr\/wp-json\/wp\/v2\/media\/289"}],"wp:attachment":[{"href":"https:\/\/www.hurni-aushub-rueckbau.ch\/fr\/wp-json\/wp\/v2\/media?parent=403"}],"curies":[{"name":"wp","href":"https:\/\/api.w.org\/{rel}","templated":true}]}}