{"id":406,"date":"2022-01-11T10:40:59","date_gmt":"2022-01-11T09:40:59","guid":{"rendered":"https:\/\/www.hurni-aushub-rueckbau.ch\/?page_id=406"},"modified":"2022-12-14T21:10:23","modified_gmt":"2022-12-14T20:10:23","slug":"notre-profil","status":"publish","type":"page","link":"https:\/\/www.hurni-aushub-rueckbau.ch\/fr\/notre-profil\/","title":{"rendered":"Notre profil"},"content":{"rendered":"\n<div class=\"wp-block-group alignfull has-white-background-color has-background\"><div class=\"wp-block-group__inner-container is-layout-flow wp-block-group-is-layout-flow\">\n<div class=\"wp-block-group\"><div class=\"wp-block-group__inner-container is-layout-flow wp-block-group-is-layout-flow\">\n<h2 class=\"wp-block-heading\">Excavation et d\u00e9construction d\u2019une seule main<\/h2>\n\n\n\n<p class=\"lead\">Une excavation efficace et une d\u00e9construction durable sont notre force \u2013 gr\u00e2ce \u00e0 nos machinistes exp\u00e9riment\u00e9s et \u00e0 un parc de machines performant.<\/p>\n\n\n\n<div class=\"wp-block-media-text alignwide is-stacked-on-mobile is-vertically-aligned-top hurni-media-text\" style=\"grid-template-columns:35% auto\"><figure class=\"wp-block-media-text__media\"><img loading=\"lazy\" decoding=\"async\" width=\"400\" height=\"300\" src=\"\/wp-content\/uploads\/sites\/3\/2022\/01\/1_Aush_Ru\u0308ckb_Ueber-uns_Hirt_MOS6482-2.jpg\" alt=\"\" class=\"wp-image-219 size-full\" srcset=\"https:\/\/www.hurni-aushub-rueckbau.ch\/wp-content\/uploads\/sites\/3\/2022\/01\/1_Aush_Ru\u0308ckb_Ueber-uns_Hirt_MOS6482-2.jpg 400w, https:\/\/www.hurni-aushub-rueckbau.ch\/wp-content\/uploads\/sites\/3\/2022\/01\/1_Aush_Ru\u0308ckb_Ueber-uns_Hirt_MOS6482-2-300x225.jpg 300w\" sizes=\"auto, (max-width: 400px) 100vw, 400px\" \/><\/figure><div class=\"wp-block-media-text__content\">\n<h3 class=\"wp-block-heading\">Pionniers en termes de recyclage<\/h3>\n\n\n\n<p>La d\u00e9construction durable requiert une grande pr\u00e9cision et beaucoup de soin, afin que le plus grand nombre possible de gravats min\u00e9raux puissent \u00eatre r\u00e9utilis\u00e9s. Hurni a fait \u0153uvre de pionnier en la mati\u00e8re et compte aujourd\u2019hui parmi les leaders en termes d\u2019entreprises de recyclage.<\/p>\n<\/div><\/div>\n\n\n\n<div class=\"wp-block-media-text alignwide is-stacked-on-mobile is-vertically-aligned-top hurni-media-text\" style=\"grid-template-columns:35% auto\"><figure class=\"wp-block-media-text__media\"><img loading=\"lazy\" decoding=\"async\" width=\"400\" height=\"300\" src=\"\/wp-content\/uploads\/sites\/3\/2022\/01\/2_Aush_Ru\u0308ckb_U\u0308ber-uns__MOS6388.jpg\" alt=\"\" class=\"wp-image-226 size-full\" srcset=\"https:\/\/www.hurni-aushub-rueckbau.ch\/wp-content\/uploads\/sites\/3\/2022\/01\/2_Aush_Ru\u0308ckb_U\u0308ber-uns__MOS6388.jpg 400w, https:\/\/www.hurni-aushub-rueckbau.ch\/wp-content\/uploads\/sites\/3\/2022\/01\/2_Aush_Ru\u0308ckb_U\u0308ber-uns__MOS6388-300x225.jpg 300w\" sizes=\"auto, (max-width: 400px) 100vw, 400px\" \/><\/figure><div class=\"wp-block-media-text__content\">\n<h3 class=\"wp-block-heading\">Boucler la boucle gr\u00e2ce \u00e0 un concept multi-bennes<\/h3>\n\n\n\n<p>Sur la base d\u2019un concept multi-bennes, les mat\u00e9riaux de d\u00e9construction sont tri\u00e9s et r\u00e9utilis\u00e9s en majeure partie comme mati\u00e8res recycl\u00e9es. Nous bouclons ainsi la boucle des mat\u00e9riaux de construction, et pr\u00e9servons les ressources naturelles.<\/p>\n<\/div><\/div>\n\n\n\n<div class=\"wp-block-media-text alignwide is-stacked-on-mobile is-vertically-aligned-top hurni-media-text\" style=\"grid-template-columns:35% auto\"><figure class=\"wp-block-media-text__media\"><img loading=\"lazy\" decoding=\"async\" width=\"400\" height=\"300\" src=\"\/wp-content\/uploads\/sites\/3\/2022\/01\/3_Aush_Ru\u0308ck_U\u0308ber-uns_Hurrni-Baustelle-Seewasserwerk-Ipsach_DSC6052-1.jpg\" alt=\"\" class=\"wp-image-223 size-full\" srcset=\"https:\/\/www.hurni-aushub-rueckbau.ch\/wp-content\/uploads\/sites\/3\/2022\/01\/3_Aush_Ru\u0308ck_U\u0308ber-uns_Hurrni-Baustelle-Seewasserwerk-Ipsach_DSC6052-1.jpg 400w, https:\/\/www.hurni-aushub-rueckbau.ch\/wp-content\/uploads\/sites\/3\/2022\/01\/3_Aush_Ru\u0308ck_U\u0308ber-uns_Hurrni-Baustelle-Seewasserwerk-Ipsach_DSC6052-1-300x225.jpg 300w\" sizes=\"auto, (max-width: 400px) 100vw, 400px\" \/><\/figure><div class=\"wp-block-media-text__content\">\n<h3 class=\"wp-block-heading\">Efficacit\u00e9 et durabilit\u00e9<\/h3>\n\n\n\n<p>Cette logistique en mati\u00e8re de mat\u00e9riaux de construction et d\u2019\u00e9limination permet un d\u00e9roulement des op\u00e9rations efficace, durable et conforme \u00e0 la l\u00e9gislation. En outre, nous proc\u00e9dons \u00e0 des travaux d\u2019excavation et de fouille de toute nature de mani\u00e8re tout aussi efficace et durable que ceux de d\u00e9construction.<\/p>\n<\/div><\/div>\n<\/div><\/div>\n<\/div><\/div>\n","protected":false},"excerpt":{"rendered":"<p>Excavation et d\u00e9construction d\u2019une seule main Une excavation efficace et une d\u00e9construction durable sont notre force \u2013 gr\u00e2ce \u00e0 nos machinistes exp\u00e9riment\u00e9s et \u00e0 un&hellip;<\/p>\n","protected":false},"author":2,"featured_media":337,"parent":0,"menu_order":200,"comment_status":"closed","ping_status":"closed","template":"","meta":{"inline_featured_image":false,"_uag_custom_page_level_css":"","pgc_sgb_lightbox_settings":"","footnotes":""},"class_list":["post-406","page","type-page","status-publish","has-post-thumbnail","hentry"],"aioseo_notices":[],"uagb_featured_image_src":{"full":["https:\/\/www.hurni-aushub-rueckbau.ch\/wp-content\/uploads\/sites\/3\/2022\/01\/ueberuns-scaled.jpg",2560,1707,false],"thumbnail":["https:\/\/www.hurni-aushub-rueckbau.ch\/wp-content\/uploads\/sites\/3\/2022\/01\/ueberuns-150x150.jpg",150,150,true],"medium":["https:\/\/www.hurni-aushub-rueckbau.ch\/wp-content\/uploads\/sites\/3\/2022\/01\/ueberuns-300x200.jpg",300,200,true],"medium_large":["https:\/\/www.hurni-aushub-rueckbau.ch\/wp-content\/uploads\/sites\/3\/2022\/01\/ueberuns-768x512.jpg",768,512,true],"large":["https:\/\/www.hurni-aushub-rueckbau.ch\/wp-content\/uploads\/sites\/3\/2022\/01\/ueberuns-1024x683.jpg",843,562,true],"1536x1536":["https:\/\/www.hurni-aushub-rueckbau.ch\/wp-content\/uploads\/sites\/3\/2022\/01\/ueberuns-1536x1024.jpg",1536,1024,true],"2048x2048":["https:\/\/www.hurni-aushub-rueckbau.ch\/wp-content\/uploads\/sites\/3\/2022\/01\/ueberuns-2048x1365.jpg",2048,1365,true]},"uagb_author_info":{"display_name":"gffh","author_link":"https:\/\/www.hurni-aushub-rueckbau.ch\/fr\/author\/gffh\/"},"uagb_comment_info":0,"uagb_excerpt":"Excavation et d\u00e9construction d\u2019une seule main Une excavation efficace et une d\u00e9construction durable sont notre force \u2013 gr\u00e2ce \u00e0 nos machinistes exp\u00e9riment\u00e9s et \u00e0 un&hellip;","_links":{"self":[{"href":"https:\/\/www.hurni-aushub-rueckbau.ch\/fr\/wp-json\/wp\/v2\/pages\/406","targetHints":{"allow":["GET"]}}],"collection":[{"href":"https:\/\/www.hurni-aushub-rueckbau.ch\/fr\/wp-json\/wp\/v2\/pages"}],"about":[{"href":"https:\/\/www.hurni-aushub-rueckbau.ch\/fr\/wp-json\/wp\/v2\/types\/page"}],"author":[{"embeddable":true,"href":"https:\/\/www.hurni-aushub-rueckbau.ch\/fr\/wp-json\/wp\/v2\/users\/2"}],"replies":[{"embeddable":true,"href":"https:\/\/www.hurni-aushub-rueckbau.ch\/fr\/wp-json\/wp\/v2\/comments?post=406"}],"version-history":[{"count":1,"href":"https:\/\/www.hurni-aushub-rueckbau.ch\/fr\/wp-json\/wp\/v2\/pages\/406\/revisions"}],"predecessor-version":[{"id":407,"href":"https:\/\/www.hurni-aushub-rueckbau.ch\/fr\/wp-json\/wp\/v2\/pages\/406\/revisions\/407"}],"wp:featuredmedia":[{"embeddable":true,"href":"https:\/\/www.hurni-aushub-rueckbau.ch\/fr\/wp-json\/wp\/v2\/media\/337"}],"wp:attachment":[{"href":"https:\/\/www.hurni-aushub-rueckbau.ch\/fr\/wp-json\/wp\/v2\/media?parent=406"}],"curies":[{"name":"wp","href":"https:\/\/api.w.org\/{rel}","templated":true}]}}