{"id":411,"date":"2021-11-30T23:00:16","date_gmt":"2021-11-30T22:00:16","guid":{"rendered":"https:\/\/www.hurni-aushub-rueckbau.ch\/?page_id=411"},"modified":"2022-12-19T13:08:10","modified_gmt":"2022-12-19T12:08:10","slug":"references","status":"publish","type":"page","link":"https:\/\/www.hurni-aushub-rueckbau.ch\/fr\/references\/","title":{"rendered":"R\u00e9f\u00e9rences"},"content":{"rendered":"\n<div class=\"wp-block-group alignfull has-white-background-color has-background\"><div class=\"wp-block-group__inner-container is-layout-flow wp-block-group-is-layout-flow\">\n<div class=\"wp-block-group\"><div class=\"wp-block-group__inner-container is-layout-flow wp-block-group-is-layout-flow\">\n<p class=\"lead\">R\u00e9f\u00e9rences pour l&rsquo;excavation et la d\u00e9construction<\/p>\n<\/div><\/div>\n<\/div><\/div>\n\n\n\n<div class=\"wp-block-group alignfull has-gray-light-background-color has-background\"><div class=\"wp-block-group__inner-container is-layout-flow wp-block-group-is-layout-flow\">\n<div class=\"wp-block-group\"><div class=\"wp-block-group__inner-container is-layout-flow wp-block-group-is-layout-flow\">\n<div class=\"wp-block-media-text alignwide is-stacked-on-mobile is-vertically-aligned-top hurni-media-text\" style=\"grid-template-columns:35% auto\"><figure class=\"wp-block-media-text__media\"><img loading=\"lazy\" decoding=\"async\" width=\"400\" height=\"300\" src=\"\/wp-content\/uploads\/sites\/3\/2021\/12\/SiedlungBo\u0308zingerParkBiel.jpg\" alt=\"\" class=\"wp-image-83 size-full\" srcset=\"https:\/\/www.hurni-aushub-rueckbau.ch\/wp-content\/uploads\/sites\/3\/2021\/12\/SiedlungBo\u0308zingerParkBiel.jpg 400w, https:\/\/www.hurni-aushub-rueckbau.ch\/wp-content\/uploads\/sites\/3\/2021\/12\/SiedlungBo\u0308zingerParkBiel-300x225.jpg 300w\" sizes=\"auto, (max-width: 400px) 100vw, 400px\" \/><\/figure><div class=\"wp-block-media-text__content\">\n<h3 class=\"wp-block-heading\">Lotissement Boujean<\/h3>\n\n\n\n<p>Le lotissement \u00abParc de Boujean\u00bb va voir le jour \u00e0 Bienne-Boujean.<\/p>\n\n\n\n<div class=\"wp-block-file\"><a id=\"wp-block-file--media-2d415a9b-ff41-420f-9ecc-22150eba95a9\" href=\"\/wp-content\/uploads\/sites\/3\/2022\/12\/Referenz_Aushub_BoezingerPark_2018_FR.pdf\" target=\"_blank\" rel=\"noreferrer noopener\">T\u00e9l\u00e9charger le fichier PDF de la r\u00e9f\u00e9rence \u00ab\u00a0Lotissement Boujean\u00a0\u00bb<\/a><\/div>\n<\/div><\/div>\n<\/div><\/div>\n<\/div><\/div>\n\n\n\n<div class=\"wp-block-group alignfull has-white-background-color has-background\"><div class=\"wp-block-group__inner-container is-layout-flow wp-block-group-is-layout-flow\">\n<div class=\"wp-block-group\"><div class=\"wp-block-group__inner-container is-layout-flow wp-block-group-is-layout-flow\">\n<div class=\"wp-block-media-text alignwide is-stacked-on-mobile is-vertically-aligned-top hurni-media-text\" style=\"grid-template-columns:35% auto\"><figure class=\"wp-block-media-text__media\"><img loading=\"lazy\" decoding=\"async\" width=\"400\" height=\"300\" src=\"\/wp-content\/uploads\/sites\/3\/2021\/12\/U\u0308berbauungGerolfingen.jpg\" alt=\"\" class=\"wp-image-81 size-full\" srcset=\"https:\/\/www.hurni-aushub-rueckbau.ch\/wp-content\/uploads\/sites\/3\/2021\/12\/U\u0308berbauungGerolfingen.jpg 400w, https:\/\/www.hurni-aushub-rueckbau.ch\/wp-content\/uploads\/sites\/3\/2021\/12\/U\u0308berbauungGerolfingen-300x225.jpg 300w\" sizes=\"auto, (max-width: 400px) 100vw, 400px\" \/><\/figure><div class=\"wp-block-media-text__content\">\n<h3 class=\"wp-block-heading\">Lotissement de Gerolfingen<\/h3>\n\n\n\n<p>Une grande partie des mat\u00e9riaux d\u2019excavation a servi \u00e0 l\u2019am\u00e9lioration fonci\u00e8re des terres agricoles d\u00e9g\u00e9n\u00e9r\u00e9es.<\/p>\n\n\n\n<div class=\"wp-block-file\"><a id=\"wp-block-file--media-3b35f3e2-b781-44e6-a00a-3e060cdc2c1b\" href=\"\/wp-content\/uploads\/sites\/3\/2022\/12\/Referenz_Aushub_Gerolfingen_2018_FR.pdf\" target=\"_blank\" rel=\"noreferrer noopener\">T\u00e9l\u00e9charger le fichier PDF de la r\u00e9f\u00e9rence \u00ab\u00a0Lotissement Gerolfingen\u00a0\u00bb<\/a><\/div>\n<\/div><\/div>\n<\/div><\/div>\n<\/div><\/div>\n\n\n\n<div class=\"wp-block-group alignfull has-gray-light-background-color has-background\"><div class=\"wp-block-group__inner-container is-layout-flow wp-block-group-is-layout-flow\">\n<div class=\"wp-block-group\"><div class=\"wp-block-group__inner-container is-layout-flow wp-block-group-is-layout-flow\">\n<div class=\"wp-block-media-text alignwide is-stacked-on-mobile is-vertically-aligned-top hurni-media-text\" style=\"grid-template-columns:35% auto\"><figure class=\"wp-block-media-text__media\"><img loading=\"lazy\" decoding=\"async\" width=\"400\" height=\"300\" src=\"\/wp-content\/uploads\/sites\/3\/2021\/12\/PanoramaTa\u0308uffelen.jpg\" alt=\"\" class=\"wp-image-82 size-full\" srcset=\"https:\/\/www.hurni-aushub-rueckbau.ch\/wp-content\/uploads\/sites\/3\/2021\/12\/PanoramaTa\u0308uffelen.jpg 400w, https:\/\/www.hurni-aushub-rueckbau.ch\/wp-content\/uploads\/sites\/3\/2021\/12\/PanoramaTa\u0308uffelen-300x225.jpg 300w\" sizes=\"auto, (max-width: 400px) 100vw, 400px\" \/><\/figure><div class=\"wp-block-media-text__content\">\n<h3 class=\"wp-block-heading\">Panorama T\u00e4uffelen<\/h3>\n\n\n\n<p>\u00abFermer le cycle des mat\u00e9riaux de construction, savourer le Panorama\u00bb a \u00e9t\u00e9 la devise du projet de construction \u00abPanorama\u00bb.<\/p>\n\n\n\n<div class=\"wp-block-file\"><a id=\"wp-block-file--media-3b3fcc45-2417-41e4-8fcf-8ee603530fc9\" href=\"\/wp-content\/uploads\/sites\/3\/2022\/12\/Referenz_Aushub_Taeuffelen_2018_FR1.pdf\" target=\"_blank\" rel=\"noreferrer noopener\">T\u00e9l\u00e9charger le fichier PDF de la r\u00e9f\u00e9rence \u00ab\u00a0Panorama T\u00e4uffelen\u00a0\u00bb<\/a><\/div>\n<\/div><\/div>\n<\/div><\/div>\n<\/div><\/div>\n\n\n\n<div class=\"wp-block-group alignfull has-white-background-color has-background\"><div class=\"wp-block-group__inner-container is-layout-flow wp-block-group-is-layout-flow\">\n<div class=\"wp-block-group\"><div class=\"wp-block-group__inner-container is-layout-flow wp-block-group-is-layout-flow\">\n<div class=\"wp-block-media-text alignwide is-stacked-on-mobile is-vertically-aligned-top hurni-media-text\" style=\"grid-template-columns:35% auto\"><figure class=\"wp-block-media-text__media\"><img loading=\"lazy\" decoding=\"async\" width=\"400\" height=\"300\" src=\"\/wp-content\/uploads\/sites\/3\/2021\/12\/Seniorenwohnnungen.jpg\" alt=\"\" class=\"wp-image-84 size-full\" srcset=\"https:\/\/www.hurni-aushub-rueckbau.ch\/wp-content\/uploads\/sites\/3\/2021\/12\/Seniorenwohnnungen.jpg 400w, https:\/\/www.hurni-aushub-rueckbau.ch\/wp-content\/uploads\/sites\/3\/2021\/12\/Seniorenwohnnungen-300x225.jpg 300w\" sizes=\"auto, (max-width: 400px) 100vw, 400px\" \/><\/figure><div class=\"wp-block-media-text__content\">\n<h3 class=\"wp-block-heading\">Logements pour personnes \u00e2g\u00e9es, Longeau<\/h3>\n\n\n\n<p>Avant la construction du complexe r\u00e9sidentiel avec 21 logements pour personnes \u00e2g\u00e9es pr\u00e8s de la gare de Longeau, l\u2019ancien restaurant \u00abBahnh\u00f6fli\u00bb et l\u2019immeuble r\u00e9sidentiel voisin ont \u00e9t\u00e9 soigneusement d\u00e9construits.<\/p>\n\n\n\n<div class=\"wp-block-file\"><a id=\"wp-block-file--media-1374819d-1d49-4bfe-83f1-6b71f1266ce5\" href=\"\/wp-content\/uploads\/sites\/3\/2022\/12\/Referenz_Aushub_Lengnau_2018_FR.pdf\" target=\"_blank\" rel=\"noreferrer noopener\">T\u00e9l\u00e9charger le fichier PDF de la r\u00e9f\u00e9rence \u00ab\u00a0Logements pour personnes \u00e2g\u00e9es \u00e0 Longeau\u00a0\u00bb<\/a><\/div>\n<\/div><\/div>\n<\/div><\/div>\n<\/div><\/div>\n","protected":false},"excerpt":{"rendered":"<p>R\u00e9f\u00e9rences pour l&rsquo;excavation et la d\u00e9construction Lotissement Boujean Le lotissement \u00abParc de Boujean\u00bb va voir le jour \u00e0 Bienne-Boujean. Lotissement de Gerolfingen Une grande partie&hellip;<\/p>\n","protected":false},"author":2,"featured_media":324,"parent":0,"menu_order":400,"comment_status":"closed","ping_status":"closed","template":"","meta":{"inline_featured_image":false,"_uag_custom_page_level_css":"","pgc_sgb_lightbox_settings":"","footnotes":""},"class_list":["post-411","page","type-page","status-publish","has-post-thumbnail","hentry"],"aioseo_notices":[],"uagb_featured_image_src":{"full":["https:\/\/www.hurni-aushub-rueckbau.ch\/wp-content\/uploads\/sites\/3\/2021\/12\/lead2-scaled.jpg",2560,853,false],"thumbnail":["https:\/\/www.hurni-aushub-rueckbau.ch\/wp-content\/uploads\/sites\/3\/2021\/12\/lead2-150x150.jpg",150,150,true],"medium":["https:\/\/www.hurni-aushub-rueckbau.ch\/wp-content\/uploads\/sites\/3\/2021\/12\/lead2-300x100.jpg",300,100,true],"medium_large":["https:\/\/www.hurni-aushub-rueckbau.ch\/wp-content\/uploads\/sites\/3\/2021\/12\/lead2-768x256.jpg",768,256,true],"large":["https:\/\/www.hurni-aushub-rueckbau.ch\/wp-content\/uploads\/sites\/3\/2021\/12\/lead2-1024x341.jpg",843,281,true],"1536x1536":["https:\/\/www.hurni-aushub-rueckbau.ch\/wp-content\/uploads\/sites\/3\/2021\/12\/lead2-1536x512.jpg",1536,512,true],"2048x2048":["https:\/\/www.hurni-aushub-rueckbau.ch\/wp-content\/uploads\/sites\/3\/2021\/12\/lead2-2048x683.jpg",2048,683,true]},"uagb_author_info":{"display_name":"gffh","author_link":"https:\/\/www.hurni-aushub-rueckbau.ch\/fr\/author\/gffh\/"},"uagb_comment_info":0,"uagb_excerpt":"R\u00e9f\u00e9rences pour l&rsquo;excavation et la d\u00e9construction Lotissement Boujean Le lotissement \u00abParc de Boujean\u00bb va voir le jour \u00e0 Bienne-Boujean. Lotissement de Gerolfingen Une grande partie&hellip;","_links":{"self":[{"href":"https:\/\/www.hurni-aushub-rueckbau.ch\/fr\/wp-json\/wp\/v2\/pages\/411","targetHints":{"allow":["GET"]}}],"collection":[{"href":"https:\/\/www.hurni-aushub-rueckbau.ch\/fr\/wp-json\/wp\/v2\/pages"}],"about":[{"href":"https:\/\/www.hurni-aushub-rueckbau.ch\/fr\/wp-json\/wp\/v2\/types\/page"}],"author":[{"embeddable":true,"href":"https:\/\/www.hurni-aushub-rueckbau.ch\/fr\/wp-json\/wp\/v2\/users\/2"}],"replies":[{"embeddable":true,"href":"https:\/\/www.hurni-aushub-rueckbau.ch\/fr\/wp-json\/wp\/v2\/comments?post=411"}],"version-history":[{"count":8,"href":"https:\/\/www.hurni-aushub-rueckbau.ch\/fr\/wp-json\/wp\/v2\/pages\/411\/revisions"}],"predecessor-version":[{"id":564,"href":"https:\/\/www.hurni-aushub-rueckbau.ch\/fr\/wp-json\/wp\/v2\/pages\/411\/revisions\/564"}],"wp:featuredmedia":[{"embeddable":true,"href":"https:\/\/www.hurni-aushub-rueckbau.ch\/fr\/wp-json\/wp\/v2\/media\/324"}],"wp:attachment":[{"href":"https:\/\/www.hurni-aushub-rueckbau.ch\/fr\/wp-json\/wp\/v2\/media?parent=411"}],"curies":[{"name":"wp","href":"https:\/\/api.w.org\/{rel}","templated":true}]}}